{"id":20965,"date":"2022-11-12T10:31:26","date_gmt":"2022-11-12T08:31:26","guid":{"rendered":"https:\/\/spinnradl.it\/produkt\/coperta-di-pura-lana-oekolana-sovradimensionata\/"},"modified":"2024-09-16T00:00:55","modified_gmt":"2024-09-15T22:00:55","slug":"coperta-di-pura-lana-oekolana-sovradimensionata","status":"publish","type":"product","link":"https:\/\/spinnradl.it\/it\/produkt\/coperta-di-pura-lana-oekolana-sovradimensionata\/","title":{"rendered":"Coperta di pura lana Oekolana sovradimensionata"},"content":{"rendered":"<p>Questa coperta voluminosa e morbida, di lana di alta qualit\u00e0, \u00e8 la cosa migliore per le fresche serate. La coperta di elevata qualit\u00e0 composta al 100% di lana vergine di pecore merino della Germania del sud, lasciata al naturale con bordatura in cotone.<\/p>\n<p>\u00bb Lavorata in modo naturale e delicato<br \/>\n\u00bb Lana ricavata esclusivamente da pecore merino dalla Germania del sud<br \/>\n\u00bb Intrecciate e conciate secondo tradizione<\/p>\n<p>Cura: mettere fuori in area e lavare a mano<\/p>\n<p>L&#8217;azienda Steinbeck di Memmingen lavora all&#8217;insegna del motto &#8220;LA NATURA \u00c8 IL NOSTRO FUTURO&#8221; e da molti decenni le coperte di alta qualit\u00e0 vengono prodotte in Germania in modo sostenibile ed equo.<\/p>","protected":false},"excerpt":{"rendered":"<p>100% pura lana<\/p>\n<p>150&#215;220 cm<\/p>\n","protected":false},"featured_media":13560,"comment_status":"closed","ping_status":"closed","template":"","meta":[],"product_brand":[],"product_cat":[329,326,328],"product_tag":[],"class_list":{"0":"post-20965","1":"product","2":"type-product","3":"status-publish","4":"has-post-thumbnail","6":"product_cat-abitare","7":"product_cat-abitare-e-vivere","8":"product_cat-camera-da-letto","10":"first","11":"instock","12":"shipping-taxable","13":"purchasable","14":"product-type-variable"},"_links":{"self":[{"href":"https:\/\/spinnradl.it\/it\/wp-json\/wp\/v2\/product\/20965","targetHints":{"allow":["GET"]}}],"collection":[{"href":"https:\/\/spinnradl.it\/it\/wp-json\/wp\/v2\/product"}],"about":[{"href":"https:\/\/spinnradl.it\/it\/wp-json\/wp\/v2\/types\/product"}],"replies":[{"embeddable":true,"href":"https:\/\/spinnradl.it\/it\/wp-json\/wp\/v2\/comments?post=20965"}],"wp:featuredmedia":[{"embeddable":true,"href":"https:\/\/spinnradl.it\/it\/wp-json\/wp\/v2\/media\/13560"}],"wp:attachment":[{"href":"https:\/\/spinnradl.it\/it\/wp-json\/wp\/v2\/media?parent=20965"}],"wp:term":[{"taxonomy":"product_brand","embeddable":true,"href":"https:\/\/spinnradl.it\/it\/wp-json\/wp\/v2\/product_brand?post=20965"},{"taxonomy":"product_cat","embeddable":true,"href":"https:\/\/spinnradl.it\/it\/wp-json\/wp\/v2\/product_cat?post=20965"},{"taxonomy":"product_tag","embeddable":true,"href":"https:\/\/spinnradl.it\/it\/wp-json\/wp\/v2\/product_tag?post=20965"}],"curies":[{"name":"wp","href":"https:\/\/api.w.org\/{rel}","templated":true}]}}