{"id":18569,"date":"2023-01-22T12:19:56","date_gmt":"2023-01-22T10:19:56","guid":{"rendered":"https:\/\/spinnradl.it\/?post_type=product&#038;p=18569"},"modified":"2026-03-22T09:10:57","modified_gmt":"2026-03-22T07:10:57","slug":"cappello-schiacciabile-verde","status":"publish","type":"product","link":"https:\/\/spinnradl.it\/it\/produkt\/cappello-schiacciabile-verde\/","title":{"rendered":"Cappello schiacciabile &#8211; verde"},"content":{"rendered":"<p>Questo cappello in feltro di lana di alta qualit\u00e0 \u00e8 realizzato in feltro di lana indeformabile e pu\u00f2 quindi essere arrotolato. \u00c8 altamente idrorepellente, traspirante e quindi un cappello ideale per le intemperie e le escursioni, adatto alla citt\u00e0 per il suo aspetto elegante e versatile.<\/p>\n<p>\u00bb Cappello di feltro in lana di alta qualit\u00e0<br \/>\n\u00bb Idrorepellente<br \/>\n\u00bb Resistente<br \/>\n\u00bb Unisex<\/p>\n<p>I cappelli in pura lana possono restringersi un po&#8217; quando sono umidi.<br \/>\nPer una vestibilit\u00e0 ottimale del cappello, si consiglia di arrotondare al numero superiore.<br \/>\nAd esempio, 58,5 cm di circonferenza diventano 59 cm.<\/p>\n<p>Suggerimento: per asciugare, imbottire il cappello con carta di giornale e lasciarlo asciugare all&#8217;aria aperta (preferibilmente non al sole).<\/p>","protected":false},"excerpt":{"rendered":"<p>100% lana<\/p>\n<p>&nbsp;<\/p>\n<p>&nbsp;<\/p>\n","protected":false},"featured_media":18436,"comment_status":"closed","ping_status":"closed","template":"","meta":[],"product_brand":[],"product_cat":[515,516,297,314],"product_tag":[],"class_list":{"0":"post-18569","1":"product","2":"type-product","3":"status-publish","4":"has-post-thumbnail","6":"product_cat-capelli-di-feltro","7":"product_cat-cappelli-di-feltro","8":"product_cat-donne","9":"product_cat-uomo","11":"first","12":"instock","13":"shipping-taxable","14":"purchasable","15":"product-type-variable"},"_links":{"self":[{"href":"https:\/\/spinnradl.it\/it\/wp-json\/wp\/v2\/product\/18569","targetHints":{"allow":["GET"]}}],"collection":[{"href":"https:\/\/spinnradl.it\/it\/wp-json\/wp\/v2\/product"}],"about":[{"href":"https:\/\/spinnradl.it\/it\/wp-json\/wp\/v2\/types\/product"}],"replies":[{"embeddable":true,"href":"https:\/\/spinnradl.it\/it\/wp-json\/wp\/v2\/comments?post=18569"}],"wp:featuredmedia":[{"embeddable":true,"href":"https:\/\/spinnradl.it\/it\/wp-json\/wp\/v2\/media\/18436"}],"wp:attachment":[{"href":"https:\/\/spinnradl.it\/it\/wp-json\/wp\/v2\/media?parent=18569"}],"wp:term":[{"taxonomy":"product_brand","embeddable":true,"href":"https:\/\/spinnradl.it\/it\/wp-json\/wp\/v2\/product_brand?post=18569"},{"taxonomy":"product_cat","embeddable":true,"href":"https:\/\/spinnradl.it\/it\/wp-json\/wp\/v2\/product_cat?post=18569"},{"taxonomy":"product_tag","embeddable":true,"href":"https:\/\/spinnradl.it\/it\/wp-json\/wp\/v2\/product_tag?post=18569"}],"curies":[{"name":"wp","href":"https:\/\/api.w.org\/{rel}","templated":true}]}}