{"id":15052,"date":"2021-06-08T19:59:37","date_gmt":"2021-06-08T17:59:37","guid":{"rendered":"http:\/\/spinnradl.it.w017eebf.kasserver.com\/wordpress-2020\/?post_type=product&#038;p=15052"},"modified":"2024-01-29T13:37:46","modified_gmt":"2024-01-29T11:37:46","slug":"gefilztes-tischset-rund","status":"publish","type":"product","link":"https:\/\/spinnradl.it\/it\/produkt\/gefilztes-tischset-rund\/","title":{"rendered":"Gefilztes Tischset rund"},"content":{"rendered":"<p>Das unentbehrliche Accessoire f\u00fcr den Esstisch:<br \/>\nDie Tischsets aus nat\u00fcrlichem Filz sind die umweltbewusste Unterlage f\u00fcr den nat\u00fcrlich gedeckten Tisch. Beidseitig verwendbar.<\/p>\n<p>\u00bb Keine Synthetik, keine Chemie<br \/>\n\u00bb Walkfilz aus reiner Schurwolle<br \/>\n\u00bb Ein Handwerksprodukt aus S\u00fcdtirol<\/p>\n<p>Pflege<br \/>\nWalkfilz ist sehr pflegeleicht, da sich die Wolle an der Luft von selbst reinigt. Grobe Verschmutzungen einfach mit einem Wischpapier soweit m\u00f6glich abnehmen und anschlie\u00dfend mit Seifenlauge abb\u00fcrsten und eventuell mit klarem Wasser abbrausen. Nicht ins Wasser eintauchen oder in der Waschmaschine waschen, da der Filz dadurch seine Form verlieren und einlaufen k\u00f6nnte.<\/p>\n<p><em>ACHTUNG, es handelt sich um ein Naturprodukt weshalb Farb-und Gr\u00f6\u00dfenabweichungen vorkommen k\u00f6nnen.<\/em><\/p>\n<p>&nbsp;<\/p>\n<p>&nbsp;<\/p>","protected":false},"excerpt":{"rendered":"<p>aus 100% Wollwalkfilz<\/p>\n<p><em>Durchmesser 35 cm<\/em><\/p>\n","protected":false},"featured_media":9307,"comment_status":"closed","ping_status":"closed","template":"","meta":[],"product_brand":[],"product_cat":[252,253,224],"product_tag":[],"class_list":{"0":"post-15052","1":"product","2":"type-product","3":"status-publish","4":"has-post-thumbnail","6":"product_cat-kueche-und-esszimmer","7":"product_cat-wohnen","8":"product_cat-wohnenundleben","10":"first","11":"instock","12":"shipping-taxable","13":"purchasable","14":"product-type-variable"},"_links":{"self":[{"href":"https:\/\/spinnradl.it\/it\/wp-json\/wp\/v2\/product\/15052","targetHints":{"allow":["GET"]}}],"collection":[{"href":"https:\/\/spinnradl.it\/it\/wp-json\/wp\/v2\/product"}],"about":[{"href":"https:\/\/spinnradl.it\/it\/wp-json\/wp\/v2\/types\/product"}],"replies":[{"embeddable":true,"href":"https:\/\/spinnradl.it\/it\/wp-json\/wp\/v2\/comments?post=15052"}],"wp:featuredmedia":[{"embeddable":true,"href":"https:\/\/spinnradl.it\/it\/wp-json\/wp\/v2\/media\/9307"}],"wp:attachment":[{"href":"https:\/\/spinnradl.it\/it\/wp-json\/wp\/v2\/media?parent=15052"}],"wp:term":[{"taxonomy":"product_brand","embeddable":true,"href":"https:\/\/spinnradl.it\/it\/wp-json\/wp\/v2\/product_brand?post=15052"},{"taxonomy":"product_cat","embeddable":true,"href":"https:\/\/spinnradl.it\/it\/wp-json\/wp\/v2\/product_cat?post=15052"},{"taxonomy":"product_tag","embeddable":true,"href":"https:\/\/spinnradl.it\/it\/wp-json\/wp\/v2\/product_tag?post=15052"}],"curies":[{"name":"wp","href":"https:\/\/api.w.org\/{rel}","templated":true}]}}