{"id":15002,"date":"2021-06-08T19:33:57","date_gmt":"2021-06-08T17:33:57","guid":{"rendered":"http:\/\/spinnradl.it.w017eebf.kasserver.com\/wordpress-2020\/?post_type=product&#038;p=15002"},"modified":"2025-11-14T20:51:55","modified_gmt":"2025-11-14T18:51:55","slug":"gefilzte-glasuntersetzer-rund","status":"publish","type":"product","link":"https:\/\/spinnradl.it\/it\/produkt\/gefilzte-glasuntersetzer-rund\/","title":{"rendered":"Gefilzte Glasuntersetzer rund \u00d8 12cm"},"content":{"rendered":"<p>Die Glasuntersetzer aus robustem Walkfilz sind die umweltbewusste Alternative zu Pappuntersetzern: Sie sind langlebig, leicht zu reinigen und formstabil.<br \/>\nDie schlichten Untersetzer bestechen durch ihre Originalit\u00e4t und lassen sich als sch\u00f6ne Tischdekoration verwenden. Sie eignen sich besonders als praktische und schonende Unterlage f\u00fcr empfindliche Fl\u00e4chen wie Glas oder Holz. Au\u00dferdem sind sie hitzebest\u00e4ndig, d\u00e4mpfen Ger\u00e4usche, nehmen Feuchtigkeit leicht auf und trocknen schnell.<\/p>\n<p>\u00bb 100% Tiroler Bergschafwolle<br \/>\n\u00bb Keine Synthetik, keine Chemie<br \/>\n\u00bb Ein Handwerksprodukt aus S\u00fcdtirol<\/p>\n<p><em>ACHTUNG, es handelt sich um ein Naturprodukt weshalb Farb-und Gr\u00f6\u00dfenabweichungen vorkommen k\u00f6nnen.<\/em><\/p>\n<p>&nbsp;<\/p>\n<p>&nbsp;<\/p>","protected":false},"excerpt":{"rendered":"<p>aus 100% Wollwalkfilz<\/p>\n<p><em>Durchmesser 12 cm<\/em><\/p>\n","protected":false},"featured_media":9307,"comment_status":"closed","ping_status":"closed","template":"","meta":[],"product_brand":[],"product_cat":[252,253,224],"product_tag":[],"class_list":{"0":"post-15002","1":"product","2":"type-product","3":"status-publish","4":"has-post-thumbnail","6":"product_cat-kueche-und-esszimmer","7":"product_cat-wohnen","8":"product_cat-wohnenundleben","10":"first","11":"instock","12":"shipping-taxable","13":"purchasable","14":"product-type-variable"},"_links":{"self":[{"href":"https:\/\/spinnradl.it\/it\/wp-json\/wp\/v2\/product\/15002","targetHints":{"allow":["GET"]}}],"collection":[{"href":"https:\/\/spinnradl.it\/it\/wp-json\/wp\/v2\/product"}],"about":[{"href":"https:\/\/spinnradl.it\/it\/wp-json\/wp\/v2\/types\/product"}],"replies":[{"embeddable":true,"href":"https:\/\/spinnradl.it\/it\/wp-json\/wp\/v2\/comments?post=15002"}],"wp:featuredmedia":[{"embeddable":true,"href":"https:\/\/spinnradl.it\/it\/wp-json\/wp\/v2\/media\/9307"}],"wp:attachment":[{"href":"https:\/\/spinnradl.it\/it\/wp-json\/wp\/v2\/media?parent=15002"}],"wp:term":[{"taxonomy":"product_brand","embeddable":true,"href":"https:\/\/spinnradl.it\/it\/wp-json\/wp\/v2\/product_brand?post=15002"},{"taxonomy":"product_cat","embeddable":true,"href":"https:\/\/spinnradl.it\/it\/wp-json\/wp\/v2\/product_cat?post=15002"},{"taxonomy":"product_tag","embeddable":true,"href":"https:\/\/spinnradl.it\/it\/wp-json\/wp\/v2\/product_tag?post=15002"}],"curies":[{"name":"wp","href":"https:\/\/api.w.org\/{rel}","templated":true}]}}