{"id":14729,"date":"2021-04-18T13:20:35","date_gmt":"2021-04-18T11:20:35","guid":{"rendered":"http:\/\/spinnradl.it.w017eebf.kasserver.com\/wordpress-2020\/produkt\/pantoffel-offen-blau-mit-grau\/"},"modified":"2021-05-20T10:12:00","modified_gmt":"2021-05-20T08:12:00","slug":"pantofole-aperte-blu-con-grigio","status":"publish","type":"product","link":"https:\/\/spinnradl.it\/it\/produkt\/pantofole-aperte-blu-con-grigio\/","title":{"rendered":"Pantofole aperte &#8211; blu con grigio"},"content":{"rendered":"<p>Le pantofole di feltro artigianale fatte per un sentirsi a proprio agio sono comode da mettere. La pantofola da sia sostegno che stabilit\u00e0 \u2013 ci\u00f2 \u00e8 possibile in parte grazie al feltro solido, come anche alla vestibilit\u00e0 con il contrafforte al tallone.<br \/>\nLa pantofola consiste al 100% di lana vergine di pecora. La suola spessa di feltro \u00e8 prodotta da lana robusta ricavata da pecore montane tirolesi, la tomaia flessibile da lana merino. Sono calde, traspiranti, facile di manutenzione, mantengono a lungo la loro vestibilit\u00e0 e neutralizzano gli odori.<br \/>\n\u00bb Non contengono materiali sintetici o chimici<br \/>\n\u00bb Un prodotto artigianale dell\u2019Alto Adige<\/p>\n<p><em>Trattandosi di un prodotto naturale vi possono essere delle leggere variazioni nei colori<\/em><\/p>","protected":false},"excerpt":{"rendered":"<p>100% lana vergine con nastro di velluto grigio<\/p>\n","protected":false},"featured_media":12902,"comment_status":"closed","ping_status":"closed","template":"","meta":[],"product_brand":[],"product_cat":[297,317,300,314],"product_tag":[],"class_list":{"0":"post-14729","1":"product","2":"type-product","3":"status-publish","4":"has-post-thumbnail","6":"product_cat-donne","7":"product_cat-pantofole-suole-it","8":"product_cat-pantofole-suole","9":"product_cat-uomo","11":"first","12":"instock","13":"shipping-taxable","14":"purchasable","15":"product-type-variable"},"_links":{"self":[{"href":"https:\/\/spinnradl.it\/it\/wp-json\/wp\/v2\/product\/14729","targetHints":{"allow":["GET"]}}],"collection":[{"href":"https:\/\/spinnradl.it\/it\/wp-json\/wp\/v2\/product"}],"about":[{"href":"https:\/\/spinnradl.it\/it\/wp-json\/wp\/v2\/types\/product"}],"replies":[{"embeddable":true,"href":"https:\/\/spinnradl.it\/it\/wp-json\/wp\/v2\/comments?post=14729"}],"wp:featuredmedia":[{"embeddable":true,"href":"https:\/\/spinnradl.it\/it\/wp-json\/wp\/v2\/media\/12902"}],"wp:attachment":[{"href":"https:\/\/spinnradl.it\/it\/wp-json\/wp\/v2\/media?parent=14729"}],"wp:term":[{"taxonomy":"product_brand","embeddable":true,"href":"https:\/\/spinnradl.it\/it\/wp-json\/wp\/v2\/product_brand?post=14729"},{"taxonomy":"product_cat","embeddable":true,"href":"https:\/\/spinnradl.it\/it\/wp-json\/wp\/v2\/product_cat?post=14729"},{"taxonomy":"product_tag","embeddable":true,"href":"https:\/\/spinnradl.it\/it\/wp-json\/wp\/v2\/product_tag?post=14729"}],"curies":[{"name":"wp","href":"https:\/\/api.w.org\/{rel}","templated":true}]}}