{"id":14639,"date":"2021-04-18T18:04:22","date_gmt":"2021-04-18T16:04:22","guid":{"rendered":"http:\/\/spinnradl.it.w017eebf.kasserver.com\/wordpress-2020\/produkt\/schaffell\/"},"modified":"2026-01-26T12:37:56","modified_gmt":"2026-01-26T10:37:56","slug":"pelle-di-pecora","status":"publish","type":"product","link":"https:\/\/spinnradl.it\/it\/produkt\/pelle-di-pecora\/","title":{"rendered":"Pelle di pecora"},"content":{"rendered":"<p>Ogni vello di pecora \u00e8 unico e viene prodotto da una conceria tirolese con marchio di qualit\u00e0. I velli sono morbidi e coccolosi e diffondono calore ed intimit\u00e0. I velli sono disponibili in tre misure e in tinta unita bianca o macchiata.<\/p>\n<p>Arieggiarlo regolarmente attiva e pulisce. Non esporlo al sole. Dovesse sporcarsi, lavare con un sapone neutro con il soffione della doccia. Attenzione, non bagnare la pelle.<\/p>\n<p><em>Trattandosi di un prodotto naturale vi possono essere delle leggere variazioni nei colori e grandezza<\/em><\/p>\n<p>Disponibile in tre misure: piccolo ca. 60-80cm, medio ca. 80-95cm, grande ca. 100cm, extra grande ca. 110cm<\/p>\n<p><strong>Su richiesta pelle macchiato bianco nero.<\/strong><\/p>\n<p>&nbsp;<\/p>\n<p>&nbsp;<\/p>","protected":false},"excerpt":{"rendered":"<p>vera pelle di pecora, conciato in Tirolo<\/p>\n","protected":false},"featured_media":11710,"comment_status":"closed","ping_status":"closed","template":"","meta":[],"product_brand":[],"product_cat":[329,326,328],"product_tag":[],"class_list":{"0":"post-14639","1":"product","2":"type-product","3":"status-publish","4":"has-post-thumbnail","6":"product_cat-abitare","7":"product_cat-abitare-e-vivere","8":"product_cat-camera-da-letto","10":"first","11":"instock","12":"shipping-taxable","13":"purchasable","14":"product-type-variable"},"_links":{"self":[{"href":"https:\/\/spinnradl.it\/it\/wp-json\/wp\/v2\/product\/14639","targetHints":{"allow":["GET"]}}],"collection":[{"href":"https:\/\/spinnradl.it\/it\/wp-json\/wp\/v2\/product"}],"about":[{"href":"https:\/\/spinnradl.it\/it\/wp-json\/wp\/v2\/types\/product"}],"replies":[{"embeddable":true,"href":"https:\/\/spinnradl.it\/it\/wp-json\/wp\/v2\/comments?post=14639"}],"wp:featuredmedia":[{"embeddable":true,"href":"https:\/\/spinnradl.it\/it\/wp-json\/wp\/v2\/media\/11710"}],"wp:attachment":[{"href":"https:\/\/spinnradl.it\/it\/wp-json\/wp\/v2\/media?parent=14639"}],"wp:term":[{"taxonomy":"product_brand","embeddable":true,"href":"https:\/\/spinnradl.it\/it\/wp-json\/wp\/v2\/product_brand?post=14639"},{"taxonomy":"product_cat","embeddable":true,"href":"https:\/\/spinnradl.it\/it\/wp-json\/wp\/v2\/product_cat?post=14639"},{"taxonomy":"product_tag","embeddable":true,"href":"https:\/\/spinnradl.it\/it\/wp-json\/wp\/v2\/product_tag?post=14639"}],"curies":[{"name":"wp","href":"https:\/\/api.w.org\/{rel}","templated":true}]}}