{"id":14616,"date":"2021-04-18T19:03:52","date_gmt":"2021-04-18T17:03:52","guid":{"rendered":"http:\/\/spinnradl.it.w017eebf.kasserver.com\/wordpress-2020\/produkt\/gestrickter-tischlaeufer-130x30\/"},"modified":"2023-07-14T11:16:14","modified_gmt":"2023-07-14T09:16:14","slug":"runner-di-lana-130x30","status":"publish","type":"product","link":"https:\/\/spinnradl.it\/it\/produkt\/runner-di-lana-130x30\/","title":{"rendered":"Runner di lana 130&#215;30"},"content":{"rendered":"<p>L\u2019accessorio particolare per il tavolo da pranzo o il davanzale. I nostri runner lavorato a maglia, al 100% di lana di pecore montane tirolesi, rendono l\u2019ambiente accogliente, hanno una lunga durata e sono robusti. Questo prodotto \u00e8 stato realizzato interamente nei laboratori SPINNRADL.<\/p>\n<p>Cura: il runner in pura lana pu\u00f2 essere pulita con un panno umido e sapone neutro. La lana \u00e8 repellente allo sporco e impedisce ai liquidi di penetrare rapidamente.<br \/>\nSe lo sporco \u00e8 pi\u00f9 ostinato basta spazzolare via lo sporco e lasciarlo asciugare all\u2019aria.<br \/>\nIl runner pu\u00f2 essere lavata in lavatrice con un programma lana fredda. Qui pu\u00f2 succedere che la copertina diventi leggermente pi\u00f9 piccola.<\/p>\n<p>Trattandosi di un prodotto naturale vi possono essere delle leggere variazioni nei colori<\/p>\n<p>&nbsp;<\/p>\n<p>&nbsp;<\/p>","protected":false},"excerpt":{"rendered":"<p>100% di lana di pecore montane tirolesi.<\/p>\n<p><em>130&#215;30 cm<\/em><\/p>\n","protected":false},"featured_media":11768,"comment_status":"closed","ping_status":"closed","template":"","meta":[],"product_brand":[],"product_cat":[329,326,327],"product_tag":[],"class_list":{"0":"post-14616","1":"product","2":"type-product","3":"status-publish","4":"has-post-thumbnail","6":"product_cat-abitare","7":"product_cat-abitare-e-vivere","8":"product_cat-cucina-e-tavolo","10":"first","11":"instock","12":"shipping-taxable","13":"purchasable","14":"product-type-variable"},"_links":{"self":[{"href":"https:\/\/spinnradl.it\/it\/wp-json\/wp\/v2\/product\/14616","targetHints":{"allow":["GET"]}}],"collection":[{"href":"https:\/\/spinnradl.it\/it\/wp-json\/wp\/v2\/product"}],"about":[{"href":"https:\/\/spinnradl.it\/it\/wp-json\/wp\/v2\/types\/product"}],"replies":[{"embeddable":true,"href":"https:\/\/spinnradl.it\/it\/wp-json\/wp\/v2\/comments?post=14616"}],"wp:featuredmedia":[{"embeddable":true,"href":"https:\/\/spinnradl.it\/it\/wp-json\/wp\/v2\/media\/11768"}],"wp:attachment":[{"href":"https:\/\/spinnradl.it\/it\/wp-json\/wp\/v2\/media?parent=14616"}],"wp:term":[{"taxonomy":"product_brand","embeddable":true,"href":"https:\/\/spinnradl.it\/it\/wp-json\/wp\/v2\/product_brand?post=14616"},{"taxonomy":"product_cat","embeddable":true,"href":"https:\/\/spinnradl.it\/it\/wp-json\/wp\/v2\/product_cat?post=14616"},{"taxonomy":"product_tag","embeddable":true,"href":"https:\/\/spinnradl.it\/it\/wp-json\/wp\/v2\/product_tag?post=14616"}],"curies":[{"name":"wp","href":"https:\/\/api.w.org\/{rel}","templated":true}]}}