{"id":14609,"date":"2021-04-18T19:16:29","date_gmt":"2021-04-18T17:16:29","guid":{"rendered":"http:\/\/spinnradl.it.w017eebf.kasserver.com\/wordpress-2020\/produkt\/gestrickter-tischlaeufer-120x20\/"},"modified":"2021-06-16T22:36:54","modified_gmt":"2021-06-16T20:36:54","slug":"runner-di-lana-120x20","status":"publish","type":"product","link":"https:\/\/spinnradl.it\/it\/produkt\/runner-di-lana-120x20\/","title":{"rendered":"Runner di lana 120&#215;20"},"content":{"rendered":"<p>L\u2019accessorio particolare per il tavolo da pranzo o il davanzale. I nostri runner lavorato a maglia, al 100% di lana di pecore montane tirolesi, rendono l\u2019ambiente accogliente, hanno una lunga durata e sono robusti. Questo prodotto \u00e8 stato realizzato interamente nei laboratori SPINNRADL.<\/p>\n<p>Cura: il runner in pura lana pu\u00f2 essere pulita con un panno umido e sapone neutro. La lana \u00e8 repellente allo sporco e impedisce ai liquidi di penetrare rapidamente.<br \/>\nSe lo sporco \u00e8 pi\u00f9 ostinato basta spazzolare via lo sporco e lasciarlo asciugare all\u2019aria.<br \/>\nIl runner pu\u00f2 essere lavata in lavatrice con un programma lana fredda. Qui pu\u00f2 succedere che la copertina diventi leggermente pi\u00f9 piccola.<\/p>\n<p>Trattandosi di un prodotto naturale vi possono essere delle leggere variazioni nei colori<\/p>\n<p>&nbsp;<\/p>\n<p>&nbsp;<\/p>\n<p>&nbsp;<\/p>","protected":false},"excerpt":{"rendered":"<p>100% di lana di pecore montane tirolesi<\/p>\n<p><em>120&#215;20 cm<\/em><\/p>\n","protected":false},"featured_media":11782,"comment_status":"closed","ping_status":"closed","template":"","meta":[],"product_brand":[],"product_cat":[329,326,327],"product_tag":[],"class_list":{"0":"post-14609","1":"product","2":"type-product","3":"status-publish","4":"has-post-thumbnail","6":"product_cat-abitare","7":"product_cat-abitare-e-vivere","8":"product_cat-cucina-e-tavolo","10":"first","11":"instock","12":"shipping-taxable","13":"purchasable","14":"product-type-variable"},"_links":{"self":[{"href":"https:\/\/spinnradl.it\/it\/wp-json\/wp\/v2\/product\/14609","targetHints":{"allow":["GET"]}}],"collection":[{"href":"https:\/\/spinnradl.it\/it\/wp-json\/wp\/v2\/product"}],"about":[{"href":"https:\/\/spinnradl.it\/it\/wp-json\/wp\/v2\/types\/product"}],"replies":[{"embeddable":true,"href":"https:\/\/spinnradl.it\/it\/wp-json\/wp\/v2\/comments?post=14609"}],"wp:featuredmedia":[{"embeddable":true,"href":"https:\/\/spinnradl.it\/it\/wp-json\/wp\/v2\/media\/11782"}],"wp:attachment":[{"href":"https:\/\/spinnradl.it\/it\/wp-json\/wp\/v2\/media?parent=14609"}],"wp:term":[{"taxonomy":"product_brand","embeddable":true,"href":"https:\/\/spinnradl.it\/it\/wp-json\/wp\/v2\/product_brand?post=14609"},{"taxonomy":"product_cat","embeddable":true,"href":"https:\/\/spinnradl.it\/it\/wp-json\/wp\/v2\/product_cat?post=14609"},{"taxonomy":"product_tag","embeddable":true,"href":"https:\/\/spinnradl.it\/it\/wp-json\/wp\/v2\/product_tag?post=14609"}],"curies":[{"name":"wp","href":"https:\/\/api.w.org\/{rel}","templated":true}]}}