{"id":14593,"date":"2021-04-18T19:27:04","date_gmt":"2021-04-18T17:27:04","guid":{"rendered":"http:\/\/spinnradl.it.w017eebf.kasserver.com\/wordpress-2020\/produkt\/gestrickter-weinkuehler\/"},"modified":"2021-06-16T22:47:22","modified_gmt":"2021-06-16T20:47:22","slug":"secchiello-per-bottiglia","status":"publish","type":"product","link":"https:\/\/spinnradl.it\/it\/produkt\/secchiello-per-bottiglia\/","title":{"rendered":"Secchiello per bottiglia"},"content":{"rendered":"<p>Il nostro secchiello lavorato a maglia di lana di pecora montana tirolese \u00e8 un accessorio particolare per la bottiglia di vino e tramite la funzione di regolazione termica il vino rimane fresco, oppure caldo (a seconda). Il lavorato a maglia si adatta per ogni misura di bottiglia. Questo prodotto \u00e8 stato realizzato interamente nei laboratori SPINNRADL.<\/p>\n<p>Cura: il secchiello in pura lana pu\u00f2 essere pulito con un panno umido e sapone neutro. La lana \u00e8 repellente allo sporco e impedisce ai liquidi di penetrare rapidamente.<br \/>\nSe lo sporco \u00e8 pi\u00f9 ostinato basta spazzolare via lo sporco e lasciarlo asciugare all\u2019aria.<br \/>\nPu\u00f2 essere lavato in lavatrice con un programma lana fredda. Qui pu\u00f2 succedere che diventi leggermente pi\u00f9 piccolo.<\/p>\n<p>Trattandosi di un prodotto naturale vi possono essere delle leggere variazioni nei colori<\/p>\n<p>&nbsp;<\/p>\n<p>&nbsp;<\/p>\n<p>&nbsp;<\/p>\n<p>&nbsp;<\/p>","protected":false},"excerpt":{"rendered":"<p>100% di lana di pecore montane tirolesi<\/p>\n<p>&nbsp;<\/p>\n","protected":false},"featured_media":11732,"comment_status":"closed","ping_status":"closed","template":"","meta":[],"product_brand":[],"product_cat":[326,327],"product_tag":[],"class_list":{"0":"post-14593","1":"product","2":"type-product","3":"status-publish","4":"has-post-thumbnail","6":"product_cat-abitare-e-vivere","7":"product_cat-cucina-e-tavolo","9":"first","10":"outofstock","11":"shipping-taxable","12":"purchasable","13":"product-type-variable"},"_links":{"self":[{"href":"https:\/\/spinnradl.it\/it\/wp-json\/wp\/v2\/product\/14593","targetHints":{"allow":["GET"]}}],"collection":[{"href":"https:\/\/spinnradl.it\/it\/wp-json\/wp\/v2\/product"}],"about":[{"href":"https:\/\/spinnradl.it\/it\/wp-json\/wp\/v2\/types\/product"}],"replies":[{"embeddable":true,"href":"https:\/\/spinnradl.it\/it\/wp-json\/wp\/v2\/comments?post=14593"}],"wp:featuredmedia":[{"embeddable":true,"href":"https:\/\/spinnradl.it\/it\/wp-json\/wp\/v2\/media\/11732"}],"wp:attachment":[{"href":"https:\/\/spinnradl.it\/it\/wp-json\/wp\/v2\/media?parent=14593"}],"wp:term":[{"taxonomy":"product_brand","embeddable":true,"href":"https:\/\/spinnradl.it\/it\/wp-json\/wp\/v2\/product_brand?post=14593"},{"taxonomy":"product_cat","embeddable":true,"href":"https:\/\/spinnradl.it\/it\/wp-json\/wp\/v2\/product_cat?post=14593"},{"taxonomy":"product_tag","embeddable":true,"href":"https:\/\/spinnradl.it\/it\/wp-json\/wp\/v2\/product_tag?post=14593"}],"curies":[{"name":"wp","href":"https:\/\/api.w.org\/{rel}","templated":true}]}}