{"id":14583,"date":"2021-04-18T19:34:02","date_gmt":"2021-04-18T17:34:02","guid":{"rendered":"http:\/\/spinnradl.it.w017eebf.kasserver.com\/wordpress-2020\/produkt\/strickkissen\/"},"modified":"2025-02-24T11:24:34","modified_gmt":"2025-02-24T09:24:34","slug":"cuscini-lavorato-a-maglia","status":"publish","type":"product","link":"https:\/\/spinnradl.it\/it\/produkt\/cuscini-lavorato-a-maglia\/","title":{"rendered":"Cuscini lavorato a maglia"},"content":{"rendered":"<p>Sei alla ricerca di federe uniche nel suo genere? Le nostre federe lavorate a maglia con lana di pecora montana indigena sono semplici, ma hanno molto stile. Un accessorio meraviglioso e di lunga durata per il sof\u00e0 o per la panca. Un regalo originale o un ricordino dalla casa SPINNRADL.<br \/>\nLa federa \u00e8 facile da mettere grazie alla chiusura a busta.<\/p>\n<p>Cura: la federa in pura lana pu\u00f2 essere pulita con un panno umido e sapone neutro. La lana \u00e8 repellente allo sporco e impedisce ai liquidi di penetrare rapidamente.<br \/>\nSe lo sporco \u00e8 pi\u00f9 ostinato, puoi immergere la fodera del cuscino, spazzolare via lo sporco e lasciarlo asciugare all&#8217;aria.<br \/>\nLa fodera pu\u00f2 essere lavata in lavatrice con un programma lana fredda. Qui pu\u00f2 succedere che la copertina diventi leggermente pi\u00f9 piccola.<\/p>\n<p>Trattandosi di un prodotto naturale vi possono essere delle leggere variazioni nei colori<\/p>\n<p>&nbsp;<\/p>\n<p>&nbsp;<\/p>\n<p>&nbsp;<\/p>","protected":false},"excerpt":{"rendered":"<p>I cuscini consistono al 100% di lana di pecore montane tirolesi<\/p>\n<p><em>Compreso la fodera di cotone<br \/>\nimbottito con lana di pecora<\/em><\/p>\n","protected":false},"featured_media":11880,"comment_status":"closed","ping_status":"closed","template":"","meta":[],"product_brand":[],"product_cat":[329,326,327],"product_tag":[],"class_list":{"0":"post-14583","1":"product","2":"type-product","3":"status-publish","4":"has-post-thumbnail","6":"product_cat-abitare","7":"product_cat-abitare-e-vivere","8":"product_cat-cucina-e-tavolo","10":"first","11":"instock","12":"shipping-taxable","13":"purchasable","14":"product-type-variable"},"_links":{"self":[{"href":"https:\/\/spinnradl.it\/it\/wp-json\/wp\/v2\/product\/14583","targetHints":{"allow":["GET"]}}],"collection":[{"href":"https:\/\/spinnradl.it\/it\/wp-json\/wp\/v2\/product"}],"about":[{"href":"https:\/\/spinnradl.it\/it\/wp-json\/wp\/v2\/types\/product"}],"replies":[{"embeddable":true,"href":"https:\/\/spinnradl.it\/it\/wp-json\/wp\/v2\/comments?post=14583"}],"wp:featuredmedia":[{"embeddable":true,"href":"https:\/\/spinnradl.it\/it\/wp-json\/wp\/v2\/media\/11880"}],"wp:attachment":[{"href":"https:\/\/spinnradl.it\/it\/wp-json\/wp\/v2\/media?parent=14583"}],"wp:term":[{"taxonomy":"product_brand","embeddable":true,"href":"https:\/\/spinnradl.it\/it\/wp-json\/wp\/v2\/product_brand?post=14583"},{"taxonomy":"product_cat","embeddable":true,"href":"https:\/\/spinnradl.it\/it\/wp-json\/wp\/v2\/product_cat?post=14583"},{"taxonomy":"product_tag","embeddable":true,"href":"https:\/\/spinnradl.it\/it\/wp-json\/wp\/v2\/product_tag?post=14583"}],"curies":[{"name":"wp","href":"https:\/\/api.w.org\/{rel}","templated":true}]}}