{"id":14575,"date":"2021-04-18T19:49:37","date_gmt":"2021-04-18T17:49:37","guid":{"rendered":"http:\/\/spinnradl.it.w017eebf.kasserver.com\/wordpress-2020\/produkt\/walkkissen\/"},"modified":"2023-07-18T15:41:31","modified_gmt":"2023-07-18T13:41:31","slug":"cuscini-di-lana-cotta","status":"publish","type":"product","link":"https:\/\/spinnradl.it\/it\/produkt\/cuscini-di-lana-cotta\/","title":{"rendered":"Cuscini di lana cotta"},"content":{"rendered":"<p>Lo cuscino di lana cotta che prendiamo dall\u2019Alto Adige e che consistono al 100% di lana vergine, sono morbidi e rendono l\u2019atmosfera accogliente, oltre ad essere una delizia per gli occhi. La federa \u00e8 facile da mettere grazie alla chiusura a busta.<\/p>\n<p>Cura: il cuscino in pura lana pu\u00f2 essere pulita con un panno umido e sapone neutro.<br \/>\nSe lo sporco \u00e8 pi\u00f9 ostinato, puoi togliere la fodera del cuscino, spazzolare via lo sporco e lasciarlo asciugare all&#8217;aria.<br \/>\nLa fodera pu\u00f2 essere lavata in lavatrice con un programma lana fredda. Qui pu\u00f2 succedere che il cuscino diventa leggermente pi\u00f9 piccolo.<\/p>\n<p>Trattandosi di un prodotto naturale vi possono essere delle leggere variazioni nei colori<\/p>\n<p>&nbsp;<\/p>\n<p>&nbsp;<\/p>","protected":false},"excerpt":{"rendered":"<p>Cuscino di pura lana<\/p>\n<p><em>Compreso la fodera di cotone<br \/>\nimbottito con lana di pecora<\/em><\/p>\n","protected":false},"featured_media":11736,"comment_status":"closed","ping_status":"closed","template":"","meta":[],"product_brand":[],"product_cat":[329,326,327],"product_tag":[],"class_list":{"0":"post-14575","1":"product","2":"type-product","3":"status-publish","4":"has-post-thumbnail","6":"product_cat-abitare","7":"product_cat-abitare-e-vivere","8":"product_cat-cucina-e-tavolo","10":"first","11":"instock","12":"shipping-taxable","13":"purchasable","14":"product-type-variable"},"_links":{"self":[{"href":"https:\/\/spinnradl.it\/it\/wp-json\/wp\/v2\/product\/14575","targetHints":{"allow":["GET"]}}],"collection":[{"href":"https:\/\/spinnradl.it\/it\/wp-json\/wp\/v2\/product"}],"about":[{"href":"https:\/\/spinnradl.it\/it\/wp-json\/wp\/v2\/types\/product"}],"replies":[{"embeddable":true,"href":"https:\/\/spinnradl.it\/it\/wp-json\/wp\/v2\/comments?post=14575"}],"wp:featuredmedia":[{"embeddable":true,"href":"https:\/\/spinnradl.it\/it\/wp-json\/wp\/v2\/media\/11736"}],"wp:attachment":[{"href":"https:\/\/spinnradl.it\/it\/wp-json\/wp\/v2\/media?parent=14575"}],"wp:term":[{"taxonomy":"product_brand","embeddable":true,"href":"https:\/\/spinnradl.it\/it\/wp-json\/wp\/v2\/product_brand?post=14575"},{"taxonomy":"product_cat","embeddable":true,"href":"https:\/\/spinnradl.it\/it\/wp-json\/wp\/v2\/product_cat?post=14575"},{"taxonomy":"product_tag","embeddable":true,"href":"https:\/\/spinnradl.it\/it\/wp-json\/wp\/v2\/product_tag?post=14575"}],"curies":[{"name":"wp","href":"https:\/\/api.w.org\/{rel}","templated":true}]}}