{"id":14520,"date":"2021-04-18T22:00:57","date_gmt":"2021-04-18T20:00:57","guid":{"rendered":"http:\/\/spinnradl.it.w017eebf.kasserver.com\/wordpress-2020\/produkt\/psairer-sarner-meene\/"},"modified":"2021-05-17T17:47:34","modified_gmt":"2021-05-17T15:47:34","slug":"psairer-sarner-meene","status":"publish","type":"product","link":"https:\/\/spinnradl.it\/it\/produkt\/psairer-sarner-meene\/","title":{"rendered":"Psairer Sarner MEENE"},"content":{"rendered":"<p>Un Psairer-Sarner con effetto WOW. Il Sarner sciancrato risalta grazie alle spalline colorate. Il cappuccio allestisce questo Sarner casual e moderno e, grazie alla sua grandezza, pu\u00f2 essere chiuso fin sotto al mento, per pi\u00f9 protezione contro giorni freddi. Idoneo per tutti i giorni, alla moda e tuttavia tradizionale, questa giacca pu\u00f2 diventare un compagno a vita. I colori saranno combinati da te.<\/p>\n<p>Tutte le giacche sono dei pezzi unici, originali, di alta qualit\u00e0 artigianale e confezionate su misura nella nostra sartoria, con consulenza personale e prima prova.<\/p>\n<p>Fissa un appuntamento e lasciati inspirare dalla magia che uomo\/donna sono in grado di creare con una giacca a maglia tradizionale.<\/p>\n<p>Dettagli\/informazioni aggiuntive: giacca a maglia donna, taglio sciancrato, cappuccio alto, spalline, tasca nella cucitura, maniche foderate, fodera in cotone.<\/p>\n<p>&nbsp;<\/p>\n<p>&nbsp;<\/p>","protected":false},"excerpt":{"rendered":"<p>Giacca sciancrato lavorato a maglia &#8220;Sarner&#8221; con cappuccio per donne<\/p>\n<p><em>Solo ordinazione con lavoro su misura\u00a0<\/em><\/p>\n","protected":false},"featured_media":12316,"comment_status":"closed","ping_status":"closed","template":"","meta":[],"product_brand":[],"product_cat":[297,302],"product_tag":[],"class_list":{"0":"post-14520","1":"product","2":"type-product","3":"status-publish","4":"has-post-thumbnail","6":"product_cat-donne","7":"product_cat-maglione-psairer-sarner","9":"first","10":"outofstock","11":"shipping-taxable","12":"purchasable","13":"product-type-simple"},"_links":{"self":[{"href":"https:\/\/spinnradl.it\/it\/wp-json\/wp\/v2\/product\/14520","targetHints":{"allow":["GET"]}}],"collection":[{"href":"https:\/\/spinnradl.it\/it\/wp-json\/wp\/v2\/product"}],"about":[{"href":"https:\/\/spinnradl.it\/it\/wp-json\/wp\/v2\/types\/product"}],"replies":[{"embeddable":true,"href":"https:\/\/spinnradl.it\/it\/wp-json\/wp\/v2\/comments?post=14520"}],"wp:featuredmedia":[{"embeddable":true,"href":"https:\/\/spinnradl.it\/it\/wp-json\/wp\/v2\/media\/12316"}],"wp:attachment":[{"href":"https:\/\/spinnradl.it\/it\/wp-json\/wp\/v2\/media?parent=14520"}],"wp:term":[{"taxonomy":"product_brand","embeddable":true,"href":"https:\/\/spinnradl.it\/it\/wp-json\/wp\/v2\/product_brand?post=14520"},{"taxonomy":"product_cat","embeddable":true,"href":"https:\/\/spinnradl.it\/it\/wp-json\/wp\/v2\/product_cat?post=14520"},{"taxonomy":"product_tag","embeddable":true,"href":"https:\/\/spinnradl.it\/it\/wp-json\/wp\/v2\/product_tag?post=14520"}],"curies":[{"name":"wp","href":"https:\/\/api.w.org\/{rel}","templated":true}]}}