{"id":14516,"date":"2021-04-18T22:07:28","date_gmt":"2021-04-18T20:07:28","guid":{"rendered":"http:\/\/spinnradl.it.w017eebf.kasserver.com\/wordpress-2020\/produkt\/psairer-sarner-kattl\/"},"modified":"2021-05-17T17:40:44","modified_gmt":"2021-05-17T15:40:44","slug":"psairer-sarner-kattl","status":"publish","type":"product","link":"https:\/\/spinnradl.it\/it\/produkt\/psairer-sarner-kattl\/","title":{"rendered":"Psairer Sarner KATTL"},"content":{"rendered":"<p>Ti piace DIVERSO? Allora questo modello fa per te. La produzione non convenzionale della giacca Sarner come bomber \u00e8 a tutti gli effetti un pezzo unico. Cosa rimane del classico \u00e8 la nostra qualit\u00e0 di lana, che lavoriamo con la classica maglia a rovescio.<br \/>\nQuesto modello \u00e8 sportivo, idoneo per la vita di tutti i giorni e perfetto per le mezze stagioni.<\/p>\n<p>Tutte le giacche sono dei pezzi unici, originali, di alta qualit\u00e0 artigianale e confezionate su misura nella nostra sartoria, con consulenza personale e prima prova.<\/p>\n<p>Fissa un appuntamento e lasciati inspirare dalla magia che uomo\/donna sono in grado di creare con una giacca a maglia tradizionale.<\/p>\n<p>Dettagli\/informazioni aggiuntive: giacca a maglia donna, taglio di base lasco, colletto ritto, tasche, completamente foderato.<\/p>\n<p>&nbsp;<\/p>\n<p>&nbsp;<\/p>","protected":false},"excerpt":{"rendered":"<p>Giacca lavorata a maglia &#8220;Sarner&#8221; in stile Bomber per donne<\/p>\n<p><em>Solo ordinazione con lavora su misura\u00a0<\/em><\/p>\n","protected":false},"featured_media":12398,"comment_status":"closed","ping_status":"closed","template":"","meta":[],"product_brand":[],"product_cat":[297,302],"product_tag":[],"class_list":{"0":"post-14516","1":"product","2":"type-product","3":"status-publish","4":"has-post-thumbnail","6":"product_cat-donne","7":"product_cat-maglione-psairer-sarner","9":"first","10":"outofstock","11":"shipping-taxable","12":"purchasable","13":"product-type-simple"},"_links":{"self":[{"href":"https:\/\/spinnradl.it\/it\/wp-json\/wp\/v2\/product\/14516","targetHints":{"allow":["GET"]}}],"collection":[{"href":"https:\/\/spinnradl.it\/it\/wp-json\/wp\/v2\/product"}],"about":[{"href":"https:\/\/spinnradl.it\/it\/wp-json\/wp\/v2\/types\/product"}],"replies":[{"embeddable":true,"href":"https:\/\/spinnradl.it\/it\/wp-json\/wp\/v2\/comments?post=14516"}],"wp:featuredmedia":[{"embeddable":true,"href":"https:\/\/spinnradl.it\/it\/wp-json\/wp\/v2\/media\/12398"}],"wp:attachment":[{"href":"https:\/\/spinnradl.it\/it\/wp-json\/wp\/v2\/media?parent=14516"}],"wp:term":[{"taxonomy":"product_brand","embeddable":true,"href":"https:\/\/spinnradl.it\/it\/wp-json\/wp\/v2\/product_brand?post=14516"},{"taxonomy":"product_cat","embeddable":true,"href":"https:\/\/spinnradl.it\/it\/wp-json\/wp\/v2\/product_cat?post=14516"},{"taxonomy":"product_tag","embeddable":true,"href":"https:\/\/spinnradl.it\/it\/wp-json\/wp\/v2\/product_tag?post=14516"}],"curies":[{"name":"wp","href":"https:\/\/api.w.org\/{rel}","templated":true}]}}