{"id":14499,"date":"2021-04-18T22:30:44","date_gmt":"2021-04-18T20:30:44","guid":{"rendered":"http:\/\/spinnradl.it.w017eebf.kasserver.com\/wordpress-2020\/produkt\/walkmantel-klaare\/"},"modified":"2021-05-17T14:41:14","modified_gmt":"2021-05-17T12:41:14","slug":"cappotto-di-lana-cotta-klaare","status":"publish","type":"product","link":"https:\/\/spinnradl.it\/it\/produkt\/cappotto-di-lana-cotta-klaare\/","title":{"rendered":"Cappotto di lana cotta KLAARE"},"content":{"rendered":"<p>Questo cappotto di lana cotta si pu\u00f2 indossare senza problemi grazie alla produzione senza fodera interna. Questo modello \u00e8 idoneo per la vita di tutti i giorni e pu\u00f2 essere tuttavia abbinato in modo elegante. La tecnica di taglio \u00e8 ispirata al kimono, ecco perch\u00e9 questo modello \u00e8 oversize.<\/p>\n<p>Il cappotto viene chiuso con un bottone a pressione. Questo cappotto di lana cotta pu\u00f2 essere indossato nei giorni caldi come nei giorni freddi.<\/p>\n<p>Tutti i cappotti di lana cotta sono un pezzo unico originale di alta qualit\u00e0 artigianale e vengono prodotti su misura nella nostra sartoria, con consulenza personale e prima prova.<\/p>\n<p>Fissa un appuntamento e lasciati inspirare dalla magia che uomo\/donna sono in grado di creare con un cappotto a maglia tradizionale.<\/p>\n<p>Dettagli\/informazioni aggiuntive: cappotto di lana cotta donna, taglio di base kimono, collo sciallato, tasche.<\/p>\n<p>&nbsp;<\/p>\n<p>&nbsp;<\/p>\n<p>&nbsp;<\/p>\n<p>&nbsp;<\/p>","protected":false},"excerpt":{"rendered":"<p>Cappotto leggero per donne<\/p>\n<p><em>Solo ordinazione con lavoro su misura\u00a0<\/em><\/p>\n","protected":false},"featured_media":12476,"comment_status":"closed","ping_status":"closed","template":"","meta":[],"product_brand":[],"product_cat":[297,304],"product_tag":[],"class_list":{"0":"post-14499","1":"product","2":"type-product","3":"status-publish","4":"has-post-thumbnail","6":"product_cat-donne","7":"product_cat-giacche-in-lana-cotta","9":"first","10":"outofstock","11":"shipping-taxable","12":"purchasable","13":"product-type-simple"},"_links":{"self":[{"href":"https:\/\/spinnradl.it\/it\/wp-json\/wp\/v2\/product\/14499","targetHints":{"allow":["GET"]}}],"collection":[{"href":"https:\/\/spinnradl.it\/it\/wp-json\/wp\/v2\/product"}],"about":[{"href":"https:\/\/spinnradl.it\/it\/wp-json\/wp\/v2\/types\/product"}],"replies":[{"embeddable":true,"href":"https:\/\/spinnradl.it\/it\/wp-json\/wp\/v2\/comments?post=14499"}],"wp:featuredmedia":[{"embeddable":true,"href":"https:\/\/spinnradl.it\/it\/wp-json\/wp\/v2\/media\/12476"}],"wp:attachment":[{"href":"https:\/\/spinnradl.it\/it\/wp-json\/wp\/v2\/media?parent=14499"}],"wp:term":[{"taxonomy":"product_brand","embeddable":true,"href":"https:\/\/spinnradl.it\/it\/wp-json\/wp\/v2\/product_brand?post=14499"},{"taxonomy":"product_cat","embeddable":true,"href":"https:\/\/spinnradl.it\/it\/wp-json\/wp\/v2\/product_cat?post=14499"},{"taxonomy":"product_tag","embeddable":true,"href":"https:\/\/spinnradl.it\/it\/wp-json\/wp\/v2\/product_tag?post=14499"}],"curies":[{"name":"wp","href":"https:\/\/api.w.org\/{rel}","templated":true}]}}