{"id":14493,"date":"2021-04-18T22:39:28","date_gmt":"2021-04-18T20:39:28","guid":{"rendered":"http:\/\/spinnradl.it.w017eebf.kasserver.com\/wordpress-2020\/produkt\/lodenmantel-flour\/"},"modified":"2021-05-17T14:32:43","modified_gmt":"2021-05-17T12:32:43","slug":"cappotto-di-loden-flour","status":"publish","type":"product","link":"https:\/\/spinnradl.it\/it\/produkt\/cappotto-di-loden-flour\/","title":{"rendered":"Cappotto di Loden FLOUR"},"content":{"rendered":"<p>Elegante, classico, durevole. Il nostro cappotto Loden fatto di un Loden di alta qualit\u00e0 viene lavorato con un taglio sciancrato. Il colletto alto dona un tono elegante oltre ad offrire una protezione alle parti sensibili del collo. Per confort di alta qualit\u00e0 il cappotto \u00e8 completamente foderato. Nel centro posteriore questo modello viene lavorato con uno spacco per una migliore libert\u00e0 di movimento.<\/p>\n<p>Tutti i cappotti sono di alta qualit\u00e0 artigianale e possono essere confezionati su misura nella nostra sartoria, con consulenza personale e prima prova.<\/p>\n<p>Fissa un appuntamento e lasciati inspirare dalla magia che uomo\/donna sono in grado di creare con un cappotto tradizionale.<\/p>\n<p>Dettagli\/informazioni aggiuntive: cappotto di Loden uomo, taglio sciancrato, colletto ritto, tasche con aletta, completamente foderato<\/p>\n<p>&nbsp;<\/p>\n<p>&nbsp;<\/p>\n<p>&nbsp;<\/p>","protected":false},"excerpt":{"rendered":"<p>Cappotto elegante di Loden per uomini<\/p>\n<p><em>Solo ordinazione con lavoro su misura\u00a0<\/em><\/p>\n","protected":false},"featured_media":12190,"comment_status":"closed","ping_status":"closed","template":"","meta":[],"product_brand":[],"product_cat":[321,314],"product_tag":[],"class_list":{"0":"post-14493","1":"product","2":"type-product","3":"status-publish","4":"has-post-thumbnail","6":"product_cat-giacche-in-lana-cotta-uomo","7":"product_cat-uomo","9":"first","10":"outofstock","11":"shipping-taxable","12":"purchasable","13":"product-type-simple"},"_links":{"self":[{"href":"https:\/\/spinnradl.it\/it\/wp-json\/wp\/v2\/product\/14493","targetHints":{"allow":["GET"]}}],"collection":[{"href":"https:\/\/spinnradl.it\/it\/wp-json\/wp\/v2\/product"}],"about":[{"href":"https:\/\/spinnradl.it\/it\/wp-json\/wp\/v2\/types\/product"}],"replies":[{"embeddable":true,"href":"https:\/\/spinnradl.it\/it\/wp-json\/wp\/v2\/comments?post=14493"}],"wp:featuredmedia":[{"embeddable":true,"href":"https:\/\/spinnradl.it\/it\/wp-json\/wp\/v2\/media\/12190"}],"wp:attachment":[{"href":"https:\/\/spinnradl.it\/it\/wp-json\/wp\/v2\/media?parent=14493"}],"wp:term":[{"taxonomy":"product_brand","embeddable":true,"href":"https:\/\/spinnradl.it\/it\/wp-json\/wp\/v2\/product_brand?post=14493"},{"taxonomy":"product_cat","embeddable":true,"href":"https:\/\/spinnradl.it\/it\/wp-json\/wp\/v2\/product_cat?post=14493"},{"taxonomy":"product_tag","embeddable":true,"href":"https:\/\/spinnradl.it\/it\/wp-json\/wp\/v2\/product_tag?post=14493"}],"curies":[{"name":"wp","href":"https:\/\/api.w.org\/{rel}","templated":true}]}}