{"id":14479,"date":"2021-04-28T21:28:18","date_gmt":"2021-04-28T19:28:18","guid":{"rendered":"http:\/\/spinnradl.it.w017eebf.kasserver.com\/wordpress-2020\/produkt\/filzwolle-mix-gelb\/"},"modified":"2025-10-08T21:48:23","modified_gmt":"2025-10-08T19:48:23","slug":"lana-cardata-mix-giallo","status":"publish","type":"product","link":"https:\/\/spinnradl.it\/it\/produkt\/lana-cardata-mix-giallo\/","title":{"rendered":"Lana cardata MIX &#8220;Fuoco del sole&#8221;"},"content":{"rendered":"<p>Il nostro mix di lana cardata prodotto dalle nostre pecore montane tirolesi \u00e8 un prodotto non trattato, naturale, fa battere pi\u00f9 forte il cuore di qualsiasi amante di feltro, bricolage e lana. Garantiamo un alta qualit\u00e0. La lana viene raffinata nel nostro laboratorio dopo che i fiocchi di lana tirolese delle pecore montane sono stati tinti* dai nostri partner in Germania. Convinciti della variet\u00e0 di colori* del feltro e lasciati ispirare.<\/p>\n<p>Trattandosi di un prodotto naturale vi possono essere delle leggere variazioni nei colori<\/p>\n<p>*I coloranti usati non contengono nessun colorante azotico secondo l\u2019allegato I della direttiva 76\/769\/EWG della versione in vigore e coincidono con le regolamentazioni dei beni di consumo cos\u00ec come le attuali regolamentazioni Reach. Inoltre i coloranti vengono scelti secondo i criteri Oeko-tex standard 100.<\/p>\n<p>&nbsp;<\/p>","protected":false},"excerpt":{"rendered":"<p>Pura lana di pecore montane tirolesi (30-32 mikron)<br \/>\nLavorato e prodotto 100% nel nostro laboratorio SPINNRADL<\/p>\n<p>CREMA, GIALLO, ARANCIONE CHIARO, ARANCIONE MEDIO, ARANCIONE SCURO, ROSSO, ROSSO RUBINO<\/p>\n<p>100 gr.<\/p>\n","protected":false},"featured_media":12686,"comment_status":"closed","ping_status":"closed","template":"","meta":[],"product_brand":[],"product_cat":[333,245,244],"product_tag":[],"class_list":{"0":"post-14479","1":"product","2":"type-product","3":"status-publish","4":"has-post-thumbnail","6":"product_cat-creativita","7":"product_cat-lana","8":"product_cat-lana-cardata","10":"first","11":"instock","12":"shipping-taxable","13":"purchasable","14":"product-type-simple"},"_links":{"self":[{"href":"https:\/\/spinnradl.it\/it\/wp-json\/wp\/v2\/product\/14479","targetHints":{"allow":["GET"]}}],"collection":[{"href":"https:\/\/spinnradl.it\/it\/wp-json\/wp\/v2\/product"}],"about":[{"href":"https:\/\/spinnradl.it\/it\/wp-json\/wp\/v2\/types\/product"}],"replies":[{"embeddable":true,"href":"https:\/\/spinnradl.it\/it\/wp-json\/wp\/v2\/comments?post=14479"}],"wp:featuredmedia":[{"embeddable":true,"href":"https:\/\/spinnradl.it\/it\/wp-json\/wp\/v2\/media\/12686"}],"wp:attachment":[{"href":"https:\/\/spinnradl.it\/it\/wp-json\/wp\/v2\/media?parent=14479"}],"wp:term":[{"taxonomy":"product_brand","embeddable":true,"href":"https:\/\/spinnradl.it\/it\/wp-json\/wp\/v2\/product_brand?post=14479"},{"taxonomy":"product_cat","embeddable":true,"href":"https:\/\/spinnradl.it\/it\/wp-json\/wp\/v2\/product_cat?post=14479"},{"taxonomy":"product_tag","embeddable":true,"href":"https:\/\/spinnradl.it\/it\/wp-json\/wp\/v2\/product_tag?post=14479"}],"curies":[{"name":"wp","href":"https:\/\/api.w.org\/{rel}","templated":true}]}}