{"id":14431,"date":"2021-05-03T18:00:57","date_gmt":"2021-05-03T16:00:57","guid":{"rendered":"http:\/\/spinnradl.it.w017eebf.kasserver.com\/wordpress-2020\/produkt\/faeustlinge\/"},"modified":"2021-05-17T12:53:39","modified_gmt":"2021-05-17T10:53:39","slug":"guanti-a-manopola","status":"publish","type":"product","link":"https:\/\/spinnradl.it\/it\/produkt\/guanti-a-manopola\/","title":{"rendered":"Guanti a manopola"},"content":{"rendered":"<p>I nostri guanti a manopola invernali lavorati a macchina sono da decenni un classico prodotto e confezionato nel nostro laboratorio SPINNRADL. Un lavoro a maglia tradizionale che \u00e8 senza tempo e sta vivendo un rilancio. Perch\u00e9? Perch\u00e9 i lavori a maglia presentano molti vantaggi, essendo, per esempio, idrorepellenti, molto resistenti e offrendo una buona regolazione termica. Cosa c\u2019\u00e8 di meglio che guanti invernali non trattati e fatti di lana da pecore montane tirolesi? Provali e senti la forza della lana di pecora.<\/p>\n<p>\u00bb Colore: grigio medio<br \/>\n\u00bb Consigliato il lavaggio a mano<\/p>\n<p>&nbsp;<\/p>","protected":false},"excerpt":{"rendered":"<p>100% lana di pecora montana tirolese<\/p>\n","protected":false},"featured_media":13847,"comment_status":"closed","ping_status":"closed","template":"","meta":[],"product_brand":[],"product_cat":[297,316,299,314],"product_tag":[],"class_list":{"0":"post-14431","1":"product","2":"type-product","3":"status-publish","4":"has-post-thumbnail","6":"product_cat-donne","7":"product_cat-guanti-scaldapolsi-it","8":"product_cat-guanti-scaldapolsi","9":"product_cat-uomo","11":"first","12":"outofstock","13":"shipping-taxable","14":"purchasable","15":"product-type-variable"},"_links":{"self":[{"href":"https:\/\/spinnradl.it\/it\/wp-json\/wp\/v2\/product\/14431","targetHints":{"allow":["GET"]}}],"collection":[{"href":"https:\/\/spinnradl.it\/it\/wp-json\/wp\/v2\/product"}],"about":[{"href":"https:\/\/spinnradl.it\/it\/wp-json\/wp\/v2\/types\/product"}],"replies":[{"embeddable":true,"href":"https:\/\/spinnradl.it\/it\/wp-json\/wp\/v2\/comments?post=14431"}],"wp:featuredmedia":[{"embeddable":true,"href":"https:\/\/spinnradl.it\/it\/wp-json\/wp\/v2\/media\/13847"}],"wp:attachment":[{"href":"https:\/\/spinnradl.it\/it\/wp-json\/wp\/v2\/media?parent=14431"}],"wp:term":[{"taxonomy":"product_brand","embeddable":true,"href":"https:\/\/spinnradl.it\/it\/wp-json\/wp\/v2\/product_brand?post=14431"},{"taxonomy":"product_cat","embeddable":true,"href":"https:\/\/spinnradl.it\/it\/wp-json\/wp\/v2\/product_cat?post=14431"},{"taxonomy":"product_tag","embeddable":true,"href":"https:\/\/spinnradl.it\/it\/wp-json\/wp\/v2\/product_tag?post=14431"}],"curies":[{"name":"wp","href":"https:\/\/api.w.org\/{rel}","templated":true}]}}