{"id":13995,"date":"2021-04-17T21:46:39","date_gmt":"2021-04-17T19:46:39","guid":{"rendered":"http:\/\/spinnradl.it.w017eebf.kasserver.com\/wordpress-2020\/produkt\/filzwolle-graubeige\/"},"modified":"2024-01-14T11:02:45","modified_gmt":"2024-01-14T09:02:45","slug":"lana-cardata-grigio-beige","status":"publish","type":"product","link":"https:\/\/spinnradl.it\/it\/produkt\/lana-cardata-grigio-beige\/","title":{"rendered":"Lana cardata grigio beige"},"content":{"rendered":"<p>Il nostro vello di lana prodotto dalle nostre pecore montane tirolesi \u00e8 un prodotto non trattato, naturale, fa battere pi\u00f9 forte il cuore di qualsiasi amante di feltro, bricolage e lana. Garantiamo un alta qualit\u00e0<\/p>\n<ul>\n<li>Lasciata naturale \u2013 senza additivi<\/li>\n<li>Contengono grasso di lana (lanolina)<\/li>\n<li>Lana medicinale (antiinfiammatorio, stimola la circolazione sanguigna, repellente per germi, antisporco, autopulente)<\/li>\n<\/ul>\n<p>Nel nostro laboratorio lavoriamo la lana con delicatezza senza additivi in modo che la lanolina e le sue preziose caratteristiche rimangano integre.<br \/>\nLa lana viene scelta e mischiata a mano, in modo che ne risulta una fascia di 10 colori naturali (nero, grigio marrone, marrone, marrone chiaro, beige, bianco, grigio chiaro, grigio medio, grigio scuro, grigio beige). Dopodich\u00e9 la lana viene sfilacciata e delicatamente pettinata a vello, con le nostre macchine per la cardatura ormai settantenni.<\/p>\n<p>Trattandosi di un prodotto naturale vi possono essere delle leggere variazioni nei colori<\/p>\n<p>1 vello (c.a. 1kg): 90x220cm<\/p>","protected":false},"excerpt":{"rendered":"<p>Pura lana di pecore montane tirolesi (30-32 mikron)<br \/>\nLavorato e prodotto 100%\u00a0 nel nostro laboratorio SPINNRADL<\/p>\n<p><em>Art. 1\/10<\/em><\/p>\n","protected":false},"featured_media":12788,"comment_status":"closed","ping_status":"closed","template":"","meta":[],"product_brand":[],"product_cat":[245,244],"product_tag":[],"class_list":{"0":"post-13995","1":"product","2":"type-product","3":"status-publish","4":"has-post-thumbnail","6":"product_cat-lana","7":"product_cat-lana-cardata","9":"first","10":"instock","11":"shipping-taxable","12":"purchasable","13":"product-type-variable"},"_links":{"self":[{"href":"https:\/\/spinnradl.it\/it\/wp-json\/wp\/v2\/product\/13995","targetHints":{"allow":["GET"]}}],"collection":[{"href":"https:\/\/spinnradl.it\/it\/wp-json\/wp\/v2\/product"}],"about":[{"href":"https:\/\/spinnradl.it\/it\/wp-json\/wp\/v2\/types\/product"}],"replies":[{"embeddable":true,"href":"https:\/\/spinnradl.it\/it\/wp-json\/wp\/v2\/comments?post=13995"}],"wp:featuredmedia":[{"embeddable":true,"href":"https:\/\/spinnradl.it\/it\/wp-json\/wp\/v2\/media\/12788"}],"wp:attachment":[{"href":"https:\/\/spinnradl.it\/it\/wp-json\/wp\/v2\/media?parent=13995"}],"wp:term":[{"taxonomy":"product_brand","embeddable":true,"href":"https:\/\/spinnradl.it\/it\/wp-json\/wp\/v2\/product_brand?post=13995"},{"taxonomy":"product_cat","embeddable":true,"href":"https:\/\/spinnradl.it\/it\/wp-json\/wp\/v2\/product_cat?post=13995"},{"taxonomy":"product_tag","embeddable":true,"href":"https:\/\/spinnradl.it\/it\/wp-json\/wp\/v2\/product_tag?post=13995"}],"curies":[{"name":"wp","href":"https:\/\/api.w.org\/{rel}","templated":true}]}}